{"id":2326,"date":"2023-02-27T15:34:53","date_gmt":"2023-02-27T12:34:53","guid":{"rendered":"https:\/\/hbho.com.tr\/site\/?page_id=2326"},"modified":"2023-07-06T11:59:54","modified_gmt":"2023-07-06T08:59:54","slug":"alsos-ahsap","status":"publish","type":"page","link":"https:\/\/hbho.com.tr\/en\/alsos-ahsap\/","title":{"rendered":"Alsos Furniture"},"content":{"rendered":"<div data-elementor-type=\"wp-page\" data-elementor-id=\"2326\" class=\"elementor elementor-2326\">\n\t\t\t\t\t\t<section class=\"elementor-section elementor-top-section elementor-element elementor-element-6590571 elementor-section-stretched elementor-section-full_width elementor-section-content-space-evenly elementor-section-height-default elementor-section-height-default elementor-invisible\" data-id=\"6590571\" data-element_type=\"section\" data-settings=\"{&quot;stretch_section&quot;:&quot;section-stretched&quot;,&quot;background_background&quot;:&quot;classic&quot;,&quot;animation&quot;:&quot;fadeIn&quot;}\">\n\t\t\t\t\t\t\t<div class=\"elementor-background-overlay\"><\/div>\n\t\t\t\t\t\t\t<div class=\"elementor-container elementor-column-gap-default\">\n\t\t\t\t\t<div class=\"elementor-column elementor-col-100 elementor-top-column elementor-element elementor-element-5ccfe3a\" data-id=\"5ccfe3a\" data-element_type=\"column\">\n\t\t\t<div class=\"elementor-widget-wrap elementor-element-populated\">\n\t\t\t\t\t\t<div class=\"elementor-element elementor-element-836c0d7 elementor-hidden-mobile elementor-widget elementor-widget-spacer\" data-id=\"836c0d7\" data-element_type=\"widget\" data-widget_type=\"spacer.default\">\n\t\t\t\t<div class=\"elementor-widget-container\">\n\t\t\t\t\t<div class=\"elementor-spacer\">\n\t\t\t<div class=\"elementor-spacer-inner\"><\/div>\n\t\t<\/div>\n\t\t\t\t<\/div>\n\t\t\t\t<\/div>\n\t\t\t\t<div class=\"elementor-element elementor-element-5559bbb elementor-widget elementor-widget-heading\" data-id=\"5559bbb\" data-element_type=\"widget\" data-widget_type=\"heading.default\">\n\t\t\t\t<div class=\"elementor-widget-container\">\n\t\t\t<h2 class=\"elementor-heading-title elementor-size-default\">Alsos Furniture<\/h2>\t\t<\/div>\n\t\t\t\t<\/div>\n\t\t\t\t<div class=\"elementor-element elementor-element-7acd38f elementor-widget elementor-widget-heading\" data-id=\"7acd38f\" data-element_type=\"widget\" data-widget_type=\"heading.default\">\n\t\t\t\t<div class=\"elementor-widget-container\">\n\t\t\t<h2 class=\"elementor-heading-title elementor-size-xl\">We Turn Ideas into Art<\/h2>\t\t<\/div>\n\t\t\t\t<\/div>\n\t\t\t\t<div class=\"elementor-element elementor-element-5311268 elementor-hidden-mobile elementor-widget elementor-widget-spacer\" data-id=\"5311268\" data-element_type=\"widget\" data-widget_type=\"spacer.default\">\n\t\t\t\t<div class=\"elementor-widget-container\">\n\t\t\t\t\t<div class=\"elementor-spacer\">\n\t\t\t<div class=\"elementor-spacer-inner\"><\/div>\n\t\t<\/div>\n\t\t\t\t<\/div>\n\t\t\t\t<\/div>\n\t\t\t\t\t<\/div>\n\t\t<\/div>\n\t\t\t\t\t<\/div>\n\t\t<\/section>\n\t\t\t\t<section class=\"elementor-section elementor-top-section elementor-element elementor-element-27c862a elementor-section-stretched elementor-section-boxed elementor-section-height-default elementor-section-height-default\" data-id=\"27c862a\" data-element_type=\"section\" data-settings=\"{&quot;stretch_section&quot;:&quot;section-stretched&quot;,&quot;background_background&quot;:&quot;classic&quot;}\">\n\t\t\t\t\t\t<div class=\"elementor-container elementor-column-gap-wider\">\n\t\t\t\t\t<div class=\"elementor-column elementor-col-100 elementor-top-column elementor-element elementor-element-9c28342\" data-id=\"9c28342\" data-element_type=\"column\">\n\t\t\t<div class=\"elementor-widget-wrap elementor-element-populated\">\n\t\t\t\t\t\t<div class=\"elementor-element elementor-element-c80ad73 elementor-widget elementor-widget-spacer\" data-id=\"c80ad73\" data-element_type=\"widget\" data-widget_type=\"spacer.default\">\n\t\t\t\t<div class=\"elementor-widget-container\">\n\t\t\t\t\t<div class=\"elementor-spacer\">\n\t\t\t<div class=\"elementor-spacer-inner\"><\/div>\n\t\t<\/div>\n\t\t\t\t<\/div>\n\t\t\t\t<\/div>\n\t\t\t\t<section class=\"elementor-section elementor-inner-section elementor-element elementor-element-8e4e026 elementor-reverse-mobile elementor-section-content-middle elementor-section-boxed elementor-section-height-default elementor-section-height-default\" data-id=\"8e4e026\" data-element_type=\"section\">\n\t\t\t\t\t\t<div class=\"elementor-container elementor-column-gap-default\">\n\t\t\t\t\t<div class=\"elementor-column elementor-col-50 elementor-inner-column elementor-element elementor-element-87e6552\" data-id=\"87e6552\" data-element_type=\"column\">\n\t\t\t<div class=\"elementor-widget-wrap elementor-element-populated\">\n\t\t\t\t\t\t<div class=\"elementor-element elementor-element-ab2ad03 elementor-widget elementor-widget-image\" data-id=\"ab2ad03\" data-element_type=\"widget\" data-widget_type=\"image.default\">\n\t\t\t\t<div class=\"elementor-widget-container\">\n\t\t\t\t\t\t\t\t\t\t\t\t\t<img fetchpriority=\"high\" decoding=\"async\" width=\"500\" height=\"500\" src=\"https:\/\/hbho.com.tr\/wp-content\/uploads\/2023\/02\/mobilya-dogal-ve-surdurulebilir-hammadde.png\" class=\"attachment-large size-large wp-image-2446\" alt=\"\" srcset=\"https:\/\/hbho.com.tr\/wp-content\/uploads\/2023\/02\/mobilya-dogal-ve-surdurulebilir-hammadde.png 500w, https:\/\/hbho.com.tr\/wp-content\/uploads\/2023\/02\/mobilya-dogal-ve-surdurulebilir-hammadde-300x300.png 300w, https:\/\/hbho.com.tr\/wp-content\/uploads\/2023\/02\/mobilya-dogal-ve-surdurulebilir-hammadde-150x150.png 150w, https:\/\/hbho.com.tr\/wp-content\/uploads\/2023\/02\/mobilya-dogal-ve-surdurulebilir-hammadde-146x146.png 146w, https:\/\/hbho.com.tr\/wp-content\/uploads\/2023\/02\/mobilya-dogal-ve-surdurulebilir-hammadde-50x50.png 50w, https:\/\/hbho.com.tr\/wp-content\/uploads\/2023\/02\/mobilya-dogal-ve-surdurulebilir-hammadde-75x75.png 75w, https:\/\/hbho.com.tr\/wp-content\/uploads\/2023\/02\/mobilya-dogal-ve-surdurulebilir-hammadde-85x85.png 85w, https:\/\/hbho.com.tr\/wp-content\/uploads\/2023\/02\/mobilya-dogal-ve-surdurulebilir-hammadde-80x80.png 80w\" sizes=\"(max-width:767px) 480px, 500px\" \/>\t\t\t\t\t\t\t\t\t\t\t\t\t<\/div>\n\t\t\t\t<\/div>\n\t\t\t\t\t<\/div>\n\t\t<\/div>\n\t\t\t\t<div class=\"elementor-column elementor-col-50 elementor-inner-column elementor-element elementor-element-8a6c202\" data-id=\"8a6c202\" data-element_type=\"column\">\n\t\t\t<div class=\"elementor-widget-wrap elementor-element-populated\">\n\t\t\t\t\t\t<div class=\"elementor-element elementor-element-d26aeb8 elementor-widget elementor-widget-heading\" data-id=\"d26aeb8\" data-element_type=\"widget\" data-widget_type=\"heading.default\">\n\t\t\t\t<div class=\"elementor-widget-container\">\n\t\t\t<h2 class=\"elementor-heading-title elementor-size-default\">Natural And Sustainable Raw Materials<\/h2>\t\t<\/div>\n\t\t\t\t<\/div>\n\t\t\t\t<div class=\"elementor-element elementor-element-a0ff15c elementor-widget elementor-widget-text-editor\" data-id=\"a0ff15c\" data-element_type=\"widget\" data-widget_type=\"text-editor.default\">\n\t\t\t\t<div class=\"elementor-widget-container\">\n\t\t\t\t\t\t\t<p><span style=\"color: #25454a;\">At Alsos, we care about using natural materials in furniture production. We add naturalness and warmth to our products by working with natural, high-quality materials such as wood, leather, and metal. Wood offers both a visually aesthetic appearance and adds durability to our products. In addition, we adopt a sustainable production process by giving importance to the source of these materials. By managing the supplier selection process meticulously, we constantly audit and update our suppliers in terms of both quality and sustainability. In this way, we ensure that our product quality remains at the same level.<\/span><\/p>\t\t\t\t\t\t<\/div>\n\t\t\t\t<\/div>\n\t\t\t\t\t<\/div>\n\t\t<\/div>\n\t\t\t\t\t<\/div>\n\t\t<\/section>\n\t\t\t\t<div class=\"elementor-element elementor-element-996922a elementor-widget elementor-widget-spacer\" data-id=\"996922a\" data-element_type=\"widget\" data-widget_type=\"spacer.default\">\n\t\t\t\t<div class=\"elementor-widget-container\">\n\t\t\t\t\t<div class=\"elementor-spacer\">\n\t\t\t<div class=\"elementor-spacer-inner\"><\/div>\n\t\t<\/div>\n\t\t\t\t<\/div>\n\t\t\t\t<\/div>\n\t\t\t\t<section class=\"elementor-section elementor-inner-section elementor-element elementor-element-9dc69a8 elementor-reverse-mobile elementor-section-content-middle elementor-section-boxed elementor-section-height-default elementor-section-height-default\" data-id=\"9dc69a8\" data-element_type=\"section\">\n\t\t\t\t\t\t<div class=\"elementor-container elementor-column-gap-default\">\n\t\t\t\t\t<div class=\"elementor-column elementor-col-50 elementor-inner-column elementor-element elementor-element-9f662d2\" data-id=\"9f662d2\" data-element_type=\"column\">\n\t\t\t<div class=\"elementor-widget-wrap elementor-element-populated\">\n\t\t\t\t\t\t<div class=\"elementor-element elementor-element-496a32b elementor-widget elementor-widget-heading\" data-id=\"496a32b\" data-element_type=\"widget\" data-widget_type=\"heading.default\">\n\t\t\t\t<div class=\"elementor-widget-container\">\n\t\t\t<h2 class=\"elementor-heading-title elementor-size-default\">Unique Manufacturing Processes<\/h2>\t\t<\/div>\n\t\t\t\t<\/div>\n\t\t\t\t<div class=\"elementor-element elementor-element-d907b01 elementor-widget elementor-widget-text-editor\" data-id=\"d907b01\" data-element_type=\"widget\" data-widget_type=\"text-editor.default\">\n\t\t\t\t<div class=\"elementor-widget-container\">\n\t\t\t\t\t\t\t<p><span style=\"color: #25454a;\">Handicraft in furniture production is also very important to us. When human labor is involved, the resulting products have a unique spirit. For this reason, we pay attention to minor details by carefully processing each piece individually. Considering the needs and expectations of our customers, we produce unique and tailored designs. Thus, we ensure that each of our customers has a unique piece of furniture that suits their taste. Thanks to our great products, our customers can experience furniture that suits their character and wishes in their living space.<\/span><\/p>\t\t\t\t\t\t<\/div>\n\t\t\t\t<\/div>\n\t\t\t\t\t<\/div>\n\t\t<\/div>\n\t\t\t\t<div class=\"elementor-column elementor-col-50 elementor-inner-column elementor-element elementor-element-87085e6\" data-id=\"87085e6\" data-element_type=\"column\">\n\t\t\t<div class=\"elementor-widget-wrap elementor-element-populated\">\n\t\t\t\t\t\t<div class=\"elementor-element elementor-element-8eed552 elementor-hidden-mobile elementor-widget elementor-widget-image\" data-id=\"8eed552\" data-element_type=\"widget\" data-widget_type=\"image.default\">\n\t\t\t\t<div class=\"elementor-widget-container\">\n\t\t\t\t\t\t\t\t\t\t\t\t\t<img decoding=\"async\" width=\"500\" height=\"500\" src=\"https:\/\/hbho.com.tr\/wp-content\/uploads\/2023\/02\/mobilya-benzersiz-uretim-surecleri.png\" class=\"attachment-large size-large wp-image-2453\" alt=\"\" srcset=\"https:\/\/hbho.com.tr\/wp-content\/uploads\/2023\/02\/mobilya-benzersiz-uretim-surecleri.png 500w, https:\/\/hbho.com.tr\/wp-content\/uploads\/2023\/02\/mobilya-benzersiz-uretim-surecleri-300x300.png 300w, https:\/\/hbho.com.tr\/wp-content\/uploads\/2023\/02\/mobilya-benzersiz-uretim-surecleri-150x150.png 150w, https:\/\/hbho.com.tr\/wp-content\/uploads\/2023\/02\/mobilya-benzersiz-uretim-surecleri-146x146.png 146w, https:\/\/hbho.com.tr\/wp-content\/uploads\/2023\/02\/mobilya-benzersiz-uretim-surecleri-50x50.png 50w, https:\/\/hbho.com.tr\/wp-content\/uploads\/2023\/02\/mobilya-benzersiz-uretim-surecleri-75x75.png 75w, https:\/\/hbho.com.tr\/wp-content\/uploads\/2023\/02\/mobilya-benzersiz-uretim-surecleri-85x85.png 85w, https:\/\/hbho.com.tr\/wp-content\/uploads\/2023\/02\/mobilya-benzersiz-uretim-surecleri-80x80.png 80w\" sizes=\"(max-width:767px) 480px, 500px\" \/>\t\t\t\t\t\t\t\t\t\t\t\t\t<\/div>\n\t\t\t\t<\/div>\n\t\t\t\t\t<\/div>\n\t\t<\/div>\n\t\t\t\t\t<\/div>\n\t\t<\/section>\n\t\t\t\t<div class=\"elementor-element elementor-element-1447534 elementor-widget elementor-widget-spacer\" data-id=\"1447534\" data-element_type=\"widget\" data-widget_type=\"spacer.default\">\n\t\t\t\t<div class=\"elementor-widget-container\">\n\t\t\t\t\t<div class=\"elementor-spacer\">\n\t\t\t<div class=\"elementor-spacer-inner\"><\/div>\n\t\t<\/div>\n\t\t\t\t<\/div>\n\t\t\t\t<\/div>\n\t\t\t\t<section class=\"elementor-section elementor-inner-section elementor-element elementor-element-82ce415 elementor-reverse-mobile elementor-section-content-middle elementor-section-boxed elementor-section-height-default elementor-section-height-default\" data-id=\"82ce415\" data-element_type=\"section\">\n\t\t\t\t\t\t<div class=\"elementor-container elementor-column-gap-default\">\n\t\t\t\t\t<div class=\"elementor-column elementor-col-50 elementor-inner-column elementor-element elementor-element-e6c1bd7\" data-id=\"e6c1bd7\" data-element_type=\"column\">\n\t\t\t<div class=\"elementor-widget-wrap elementor-element-populated\">\n\t\t\t\t\t\t<div class=\"elementor-element elementor-element-9f2e99f elementor-widget elementor-widget-image\" data-id=\"9f2e99f\" data-element_type=\"widget\" data-widget_type=\"image.default\">\n\t\t\t\t<div class=\"elementor-widget-container\">\n\t\t\t\t\t\t\t\t\t\t\t\t\t<img decoding=\"async\" width=\"500\" height=\"500\" src=\"https:\/\/hbho.com.tr\/wp-content\/uploads\/2023\/02\/mobilya-saglam-ve-estetik-mobilya.png\" class=\"attachment-large size-large wp-image-2466\" alt=\"\" srcset=\"https:\/\/hbho.com.tr\/wp-content\/uploads\/2023\/02\/mobilya-saglam-ve-estetik-mobilya.png 500w, https:\/\/hbho.com.tr\/wp-content\/uploads\/2023\/02\/mobilya-saglam-ve-estetik-mobilya-300x300.png 300w, https:\/\/hbho.com.tr\/wp-content\/uploads\/2023\/02\/mobilya-saglam-ve-estetik-mobilya-150x150.png 150w, https:\/\/hbho.com.tr\/wp-content\/uploads\/2023\/02\/mobilya-saglam-ve-estetik-mobilya-146x146.png 146w, https:\/\/hbho.com.tr\/wp-content\/uploads\/2023\/02\/mobilya-saglam-ve-estetik-mobilya-50x50.png 50w, https:\/\/hbho.com.tr\/wp-content\/uploads\/2023\/02\/mobilya-saglam-ve-estetik-mobilya-75x75.png 75w, https:\/\/hbho.com.tr\/wp-content\/uploads\/2023\/02\/mobilya-saglam-ve-estetik-mobilya-85x85.png 85w, https:\/\/hbho.com.tr\/wp-content\/uploads\/2023\/02\/mobilya-saglam-ve-estetik-mobilya-80x80.png 80w\" sizes=\"(max-width:767px) 480px, 500px\" \/>\t\t\t\t\t\t\t\t\t\t\t\t\t<\/div>\n\t\t\t\t<\/div>\n\t\t\t\t\t<\/div>\n\t\t<\/div>\n\t\t\t\t<div class=\"elementor-column elementor-col-50 elementor-inner-column elementor-element elementor-element-48ea074\" data-id=\"48ea074\" data-element_type=\"column\">\n\t\t\t<div class=\"elementor-widget-wrap elementor-element-populated\">\n\t\t\t\t\t\t<div class=\"elementor-element elementor-element-2fa6994 elementor-widget elementor-widget-heading\" data-id=\"2fa6994\" data-element_type=\"widget\" data-widget_type=\"heading.default\">\n\t\t\t\t<div class=\"elementor-widget-container\">\n\t\t\t<h2 class=\"elementor-heading-title elementor-size-default\">Solid And Aesthetic Furniture<\/h2>\t\t<\/div>\n\t\t\t\t<\/div>\n\t\t\t\t<div class=\"elementor-element elementor-element-e9cdb51 elementor-widget elementor-widget-text-editor\" data-id=\"e9cdb51\" data-element_type=\"widget\" data-widget_type=\"text-editor.default\">\n\t\t\t\t<div class=\"elementor-widget-container\">\n\t\t\t\t\t\t\t<p><span style=\"color: #25454a;\">At Alsos, we know the importance of fine craftsmanship, quality materials, and original designs in furniture production. For this reason, we work with our experienced interior architects and industrial product designers to create the perfect product. Our furniture, which we design for each of our customer's unique needs, is produced in a way suitable for life-long use while preserving wood's aesthetic and natural properties. Thanks to our innovative and natural furniture, we make valuable future antiques. In this way, we enable you to transfer your furniture taste to future generations.<\/span><\/p>\t\t\t\t\t\t<\/div>\n\t\t\t\t<\/div>\n\t\t\t\t\t<\/div>\n\t\t<\/div>\n\t\t\t\t\t<\/div>\n\t\t<\/section>\n\t\t\t\t<div class=\"elementor-element elementor-element-578bccd elementor-widget elementor-widget-spacer\" data-id=\"578bccd\" data-element_type=\"widget\" data-widget_type=\"spacer.default\">\n\t\t\t\t<div class=\"elementor-widget-container\">\n\t\t\t\t\t<div class=\"elementor-spacer\">\n\t\t\t<div class=\"elementor-spacer-inner\"><\/div>\n\t\t<\/div>\n\t\t\t\t<\/div>\n\t\t\t\t<\/div>\n\t\t\t\t<section class=\"elementor-section elementor-inner-section elementor-element elementor-element-ef3656f elementor-reverse-mobile elementor-section-content-middle elementor-section-boxed elementor-section-height-default elementor-section-height-default\" data-id=\"ef3656f\" data-element_type=\"section\">\n\t\t\t\t\t\t<div class=\"elementor-container elementor-column-gap-default\">\n\t\t\t\t\t<div class=\"elementor-column elementor-col-50 elementor-inner-column elementor-element elementor-element-ad52e6a\" data-id=\"ad52e6a\" data-element_type=\"column\">\n\t\t\t<div class=\"elementor-widget-wrap elementor-element-populated\">\n\t\t\t\t\t\t<div class=\"elementor-element elementor-element-b85bfe4 elementor-widget elementor-widget-heading\" data-id=\"b85bfe4\" data-element_type=\"widget\" data-widget_type=\"heading.default\">\n\t\t\t\t<div class=\"elementor-widget-container\">\n\t\t\t<h2 class=\"elementor-heading-title elementor-size-default\">Customer Satisfaction<\/h2>\t\t<\/div>\n\t\t\t\t<\/div>\n\t\t\t\t<div class=\"elementor-element elementor-element-c88a27b elementor-widget elementor-widget-text-editor\" data-id=\"c88a27b\" data-element_type=\"widget\" data-widget_type=\"text-editor.default\">\n\t\t\t\t<div class=\"elementor-widget-container\">\n\t\t\t\t\t\t\t<p><span style=\"color: #25454a;\">The quality of service we provide to our customers is also essential to us. We work with our entire team to respond quickly and accurately to our customers' demands. We always try to provide the best quality service by controlling our products meticulously. We are working to keep the art of wood alive and to bring this art together with our customers, and we are proud to move forward on this path. By reviving the art of carpentry, which is about to be forgotten under the influence of mechanization, in our workshops, we blend the durability of the old with the modern understanding of the new era.<\/span><\/p><p><span style=\"color: #24454e;\">\u00a0<\/span><\/p><p><span style=\"color: #24454a;\">Visit our website for more information.<\/span><\/p>\t\t\t\t\t\t<\/div>\n\t\t\t\t<\/div>\n\t\t\t\t<div class=\"elementor-element elementor-element-fd529b6 elementor-tablet-align-center elementor-align-left elementor-mobile-align-center elementor-widget elementor-widget-button\" data-id=\"fd529b6\" data-element_type=\"widget\" data-widget_type=\"button.default\">\n\t\t\t\t<div class=\"elementor-widget-container\">\n\t\t\t\t\t\t\t<div class=\"elementor-button-wrapper\">\n\t\t\t\t\t<a class=\"elementor-button elementor-button-link elementor-size-sm\" href=\"https:\/\/alsosahsap.com\">\n\t\t\t\t\t\t<span class=\"elementor-button-content-wrapper\">\n\t\t\t\t\t\t\t\t\t<span class=\"elementor-button-text\">Alsos Furniture<\/span>\n\t\t\t\t\t<\/span>\n\t\t\t\t\t<\/a>\n\t\t\t\t<\/div>\n\t\t\t\t\t\t<\/div>\n\t\t\t\t<\/div>\n\t\t\t\t\t<\/div>\n\t\t<\/div>\n\t\t\t\t<div class=\"elementor-column elementor-col-50 elementor-inner-column elementor-element elementor-element-c8dcd47\" data-id=\"c8dcd47\" data-element_type=\"column\">\n\t\t\t<div class=\"elementor-widget-wrap elementor-element-populated\">\n\t\t\t\t\t\t<div class=\"elementor-element elementor-element-3286842 elementor-hidden-mobile elementor-widget elementor-widget-image\" data-id=\"3286842\" data-element_type=\"widget\" data-widget_type=\"image.default\">\n\t\t\t\t<div class=\"elementor-widget-container\">\n\t\t\t\t\t\t\t\t\t\t\t\t\t<img loading=\"lazy\" decoding=\"async\" width=\"500\" height=\"500\" src=\"https:\/\/hbho.com.tr\/wp-content\/uploads\/2023\/02\/mobilya-musteri-memnuniyeti.png\" class=\"attachment-full size-full wp-image-2470\" alt=\"\" srcset=\"https:\/\/hbho.com.tr\/wp-content\/uploads\/2023\/02\/mobilya-musteri-memnuniyeti.png 500w, https:\/\/hbho.com.tr\/wp-content\/uploads\/2023\/02\/mobilya-musteri-memnuniyeti-300x300.png 300w, https:\/\/hbho.com.tr\/wp-content\/uploads\/2023\/02\/mobilya-musteri-memnuniyeti-150x150.png 150w, https:\/\/hbho.com.tr\/wp-content\/uploads\/2023\/02\/mobilya-musteri-memnuniyeti-146x146.png 146w, https:\/\/hbho.com.tr\/wp-content\/uploads\/2023\/02\/mobilya-musteri-memnuniyeti-50x50.png 50w, https:\/\/hbho.com.tr\/wp-content\/uploads\/2023\/02\/mobilya-musteri-memnuniyeti-75x75.png 75w, https:\/\/hbho.com.tr\/wp-content\/uploads\/2023\/02\/mobilya-musteri-memnuniyeti-85x85.png 85w, https:\/\/hbho.com.tr\/wp-content\/uploads\/2023\/02\/mobilya-musteri-memnuniyeti-80x80.png 80w\" sizes=\"(max-width:767px) 480px, 500px\" \/>\t\t\t\t\t\t\t\t\t\t\t\t\t<\/div>\n\t\t\t\t<\/div>\n\t\t\t\t\t<\/div>\n\t\t<\/div>\n\t\t\t\t\t<\/div>\n\t\t<\/section>\n\t\t\t\t<div class=\"elementor-element elementor-element-8f12f0b elementor-widget elementor-widget-spacer\" data-id=\"8f12f0b\" data-element_type=\"widget\" data-widget_type=\"spacer.default\">\n\t\t\t\t<div class=\"elementor-widget-container\">\n\t\t\t\t\t<div class=\"elementor-spacer\">\n\t\t\t<div class=\"elementor-spacer-inner\"><\/div>\n\t\t<\/div>\n\t\t\t\t<\/div>\n\t\t\t\t<\/div>\n\t\t\t\t\t<\/div>\n\t\t<\/div>\n\t\t\t\t\t<\/div>\n\t\t<\/section>\n\t\t\t\t<\/div>","protected":false},"excerpt":{"rendered":"<p>Alsos Ah\u015fap Fikirleri Sanata D\u00f6n\u00fc\u015ft\u00fcr\u00fcyoruz Do\u011fal Ve S\u00fcrd\u00fcr\u00fclebilir Hammadde Alsos olarak, mobilya \u00fcretiminde do\u011fal malzemelerin kullan\u0131m\u0131n\u0131 \u00f6nemsiyoruz. Ah\u015fap, deri, metal gibi do\u011fal ve kaliteli malzemelerle \u00e7al\u0131\u015farak<span class=\"excerpt-hellip\"> [\u2026]<\/span><\/p>","protected":false},"author":1,"featured_media":0,"parent":0,"menu_order":0,"comment_status":"closed","ping_status":"closed","template":"","meta":{"_eb_attr":"","footnotes":""},"class_list":["post-2326","page","type-page","status-publish","hentry"],"_links":{"self":[{"href":"https:\/\/hbho.com.tr\/en\/wp-json\/wp\/v2\/pages\/2326","targetHints":{"allow":["GET"]}}],"collection":[{"href":"https:\/\/hbho.com.tr\/en\/wp-json\/wp\/v2\/pages"}],"about":[{"href":"https:\/\/hbho.com.tr\/en\/wp-json\/wp\/v2\/types\/page"}],"author":[{"embeddable":true,"href":"https:\/\/hbho.com.tr\/en\/wp-json\/wp\/v2\/users\/1"}],"replies":[{"embeddable":true,"href":"https:\/\/hbho.com.tr\/en\/wp-json\/wp\/v2\/comments?post=2326"}],"version-history":[{"count":50,"href":"https:\/\/hbho.com.tr\/en\/wp-json\/wp\/v2\/pages\/2326\/revisions"}],"predecessor-version":[{"id":2894,"href":"https:\/\/hbho.com.tr\/en\/wp-json\/wp\/v2\/pages\/2326\/revisions\/2894"}],"wp:attachment":[{"href":"https:\/\/hbho.com.tr\/en\/wp-json\/wp\/v2\/media?parent=2326"}],"curies":[{"name":"wp","href":"https:\/\/api.w.org\/{rel}","templated":true}]}}