{"id":1883,"date":"2023-02-23T12:09:41","date_gmt":"2023-02-23T09:09:41","guid":{"rendered":"https:\/\/hbho.com.tr\/site\/?page_id=1883"},"modified":"2023-03-08T14:42:56","modified_gmt":"2023-03-08T11:42:56","slug":"basvuru-formu","status":"publish","type":"page","link":"https:\/\/hbho.com.tr\/fr\/basvuru-formu\/","title":{"rendered":"Ba\u015fvuru Formu"},"content":{"rendered":"<div data-elementor-type=\"wp-page\" data-elementor-id=\"1883\" class=\"elementor elementor-1883\">\n\t\t\t\t\t\t<section class=\"elementor-section elementor-top-section elementor-element elementor-element-9ab775e elementor-section-stretched elementor-section-full_width elementor-section-height-default elementor-section-height-default elementor-invisible\" data-id=\"9ab775e\" data-element_type=\"section\" data-settings=\"{&quot;stretch_section&quot;:&quot;section-stretched&quot;,&quot;background_background&quot;:&quot;classic&quot;,&quot;animation&quot;:&quot;fadeIn&quot;}\">\n\t\t\t\t\t\t\t<div class=\"elementor-background-overlay\"><\/div>\n\t\t\t\t\t\t\t<div class=\"elementor-container elementor-column-gap-default\">\n\t\t\t\t\t<div class=\"elementor-column elementor-col-100 elementor-top-column elementor-element elementor-element-f90b6ee\" data-id=\"f90b6ee\" data-element_type=\"column\">\n\t\t\t<div class=\"elementor-widget-wrap elementor-element-populated\">\n\t\t\t\t\t\t<div class=\"elementor-element elementor-element-4136f27 elementor-widget elementor-widget-image-carousel\" data-id=\"4136f27\" data-element_type=\"widget\" data-settings=\"{&quot;slides_to_show&quot;:&quot;1&quot;,&quot;navigation&quot;:&quot;none&quot;,&quot;autoplay&quot;:&quot;no&quot;,&quot;infinite&quot;:&quot;no&quot;,&quot;effect&quot;:&quot;slide&quot;,&quot;speed&quot;:500}\" data-widget_type=\"image-carousel.default\">\n\t\t\t\t<div class=\"elementor-widget-container\">\n\t\t\t\t\t<div class=\"elementor-image-carousel-wrapper swiper\" dir=\"ltr\">\n\t\t\t<div class=\"elementor-image-carousel swiper-wrapper swiper-image-stretch\" aria-live=\"polite\">\n\t\t\t\t\t\t\t\t<div class=\"swiper-slide\" role=\"group\" aria-roledescription=\"slide\" aria-label=\"1 sur 1\"><figure class=\"swiper-slide-inner\"><img decoding=\"async\" class=\"swiper-slide-image\" src=\"https:\/\/hbho.com.tr\/wp-content\/uploads\/2023\/04\/hbho-basvuru-formu-fr-scaled.jpg\" alt=\"hbho-basvuru-formu\" \/><\/figure><\/div>\t\t\t<\/div>\n\t\t\t\t\t<\/div>\n\t\t\t\t<\/div>\n\t\t\t\t<\/div>\n\t\t\t\t\t<\/div>\n\t\t<\/div>\n\t\t\t\t\t<\/div>\n\t\t<\/section>\n\t\t\t\t<section class=\"elementor-section elementor-top-section elementor-element elementor-element-27c862a elementor-section-stretched elementor-section-boxed elementor-section-height-default elementor-section-height-default\" data-id=\"27c862a\" data-element_type=\"section\" data-settings=\"{&quot;stretch_section&quot;:&quot;section-stretched&quot;,&quot;background_background&quot;:&quot;classic&quot;}\">\n\t\t\t\t\t\t<div class=\"elementor-container elementor-column-gap-wider\">\n\t\t\t\t\t<div class=\"elementor-column elementor-col-50 elementor-top-column elementor-element elementor-element-9c28342\" data-id=\"9c28342\" data-element_type=\"column\" data-settings=\"{&quot;background_background&quot;:&quot;classic&quot;}\">\n\t\t\t<div class=\"elementor-widget-wrap elementor-element-populated\">\n\t\t\t\t\t\t<div class=\"elementor-element elementor-element-54020a4 elementor-widget elementor-widget-text-editor\" data-id=\"54020a4\" data-element_type=\"widget\" data-widget_type=\"text-editor.default\">\n\t\t\t\t<div class=\"elementor-widget-container\">\n\t\t\t\t\t\t\t<h3><span style=\"color: #25454e;\">Formulaire de Demande<\/span><\/h3>\t\t\t\t\t\t<\/div>\n\t\t\t\t<\/div>\n\t\t\t\t<div class=\"elementor-element elementor-element-12ece9d elementor-widget elementor-widget-elementskit-contact-form7\" data-id=\"12ece9d\" data-element_type=\"widget\" data-widget_type=\"elementskit-contact-form7.default\">\n\t\t\t\t<div class=\"elementor-widget-container\">\n\t\t\t<div class=\"ekit-wid-con\" ><div class=\"ekit-form\">\n<div class=\"wpcf7 no-js\" id=\"wpcf7-f2391-o1\" lang=\"tr-TR\" dir=\"ltr\">\n<div class=\"screen-reader-response\"><p role=\"status\" aria-live=\"polite\" aria-atomic=\"true\"><\/p> <ul><\/ul><\/div>\n<form action=\"\/wp-json\/wp\/v2\/pages\/1883\" method=\"post\" class=\"wpcf7-form init\" aria-label=\"\u0130leti\u015fim Formu\" enctype=\"multipart\/form-data\" novalidate=\"novalidate\" data-status=\"init\" data-trp-original-action=\"\/fr\/wp-json\/wp\/v2\/pages\/1883#wpcf7-f2391-o1\">\n<div style=\"display: none;\">\n<input type=\"hidden\" name=\"_wpcf7\" value=\"2391\" \/>\n<input type=\"hidden\" name=\"_wpcf7_version\" value=\"5.9.8\" \/>\n<input type=\"hidden\" name=\"_wpcf7_locale\" value=\"tr_TR\" \/>\n<input type=\"hidden\" name=\"_wpcf7_unit_tag\" value=\"wpcf7-f2391-o1\" \/>\n<input type=\"hidden\" name=\"_wpcf7_container_post\" value=\"0\" \/>\n<input type=\"hidden\" name=\"_wpcf7_posted_data_hash\" value=\"\" \/>\n<input type=\"hidden\" name=\"_extcf7_conditional_options\" value=\"{&quot;form_id&quot;:2391,&quot;conditions&quot;:[]}\" \/>\n<input type=\"hidden\" name=\"_extcf7_redirect_options\" value=\"{&quot;form_id&quot;:2391,&quot;redirect_options&quot;:{&quot;redirection_enable&quot;:&quot;off&quot;,&quot;custom_url_enable&quot;:&quot;off&quot;,&quot;redirect_page&quot;:&quot;&quot;,&quot;custom_urle&quot;:&quot;&quot;,&quot;redirect_new_tab&quot;:&quot;off&quot;,&quot;js_action&quot;:&quot;off&quot;,&quot;javascript_code&quot;:&quot;&quot;}}\" \/>\n<\/div>\n<p>Nom  Votre nom<span class=\"wpcf7-form-control-wrap\" data-name=\"adiniz\"><input size=\"40\" maxlength=\"400\" class=\"wpcf7-form-control wpcf7-text wpcf7-validates-as-required\" id=\"ad\" aria-required=\"true\" aria-invalid=\"false\" placeholder=\"Pr\u00e9nom\" value=\"\" type=\"text\" name=\"adiniz\" \/><\/span>\n<\/p>\n<p>Votre pr\u00e9nom<span class=\"wpcf7-form-control-wrap\" data-name=\"soyadiniz\"><input size=\"40\" maxlength=\"400\" class=\"wpcf7-form-control wpcf7-text wpcf7-validates-as-required\" id=\"soyad\" aria-required=\"true\" aria-invalid=\"false\" placeholder=\"Votre pr\u00e9nom\" value=\"\" type=\"text\" name=\"soyadiniz\" \/><\/span>\n<\/p>\n<p>Nationalit\u00e9<span class=\"wpcf7-form-control-wrap\" data-name=\"Uyruk\"><select class=\"wpcf7-form-control wpcf7-select wpcf7-validates-as-required\" aria-required=\"true\" aria-invalid=\"false\" name=\"Uyruk\"><option value=\"T\u00fcrkiye\">T\u00fcrkiye<\/option><option value=\"Di\u011fer\">Autre<\/option><\/select><\/span>\n<\/p>\n<p>Num\u00e9ro d'Identification<span class=\"wpcf7-form-control-wrap\" data-name=\"tcno\"><input class=\"wpcf7-form-control wpcf7-number wpcf7-validates-as-required wpcf7-validates-as-number\" aria-required=\"true\" aria-invalid=\"false\" value=\"\" type=\"number\" name=\"tcno\" \/><\/span>\n<\/p>\n<p>Sexe<span class=\"wpcf7-form-control-wrap\" data-name=\"cinsiyet\"><span class=\"wpcf7-form-control wpcf7-radio\"><span class=\"wpcf7-list-item first\"><input type=\"radio\" name=\"cinsiyet\" value=\"Erkek\" checked=\"checked\" \/><span class=\"wpcf7-list-item-label\">Masculin<\/span><\/span><span class=\"wpcf7-list-item last\"><input type=\"radio\" name=\"cinsiyet\" value=\"Kad\u0131n\" \/><span class=\"wpcf7-list-item-label\">F\u00e9minin<\/span><\/span><\/span><\/span>\n<\/p>\n<p>\u00c9tat civil<span class=\"wpcf7-form-control-wrap\" data-name=\"medenihal\"><span class=\"wpcf7-form-control wpcf7-radio\"><span class=\"wpcf7-list-item first\"><input type=\"radio\" name=\"medenihal\" value=\"Evli\" checked=\"checked\" \/><span class=\"wpcf7-list-item-label\">Mari\u00e9<\/span><\/span><span class=\"wpcf7-list-item last\"><input type=\"radio\" name=\"medenihal\" value=\"Bekar\" \/><span class=\"wpcf7-list-item-label\">C\u00e9libataire<\/span><\/span><\/span><\/span>\n<\/p>\n<p>Date de Naissance<span class=\"wpcf7-form-control-wrap\" data-name=\"dtarih\"><input class=\"wpcf7-form-control wpcf7-date wpcf7-validates-as-date\" aria-invalid=\"false\" value=\"\" type=\"date\" name=\"dtarih\" \/><\/span>\n<\/p>\n<p>Lieu de Naissance<span class=\"wpcf7-form-control-wrap\" data-name=\"dyeri\"><input size=\"40\" maxlength=\"400\" class=\"wpcf7-form-control wpcf7-text\" aria-invalid=\"false\" placeholder=\"Votre lieu de Naissance\" value=\"\" type=\"text\" name=\"dyeri\" \/><\/span>\n<\/p>\n<p>T\u00e9l\u00e9phone <span class=\"wpcf7-form-control-wrap\" data-name=\"telno\"><input class=\"wpcf7-form-control wpcf7-number wpcf7-validates-as-number\" aria-invalid=\"false\" placeholder=\"(xxx) xxx xx xx\" value=\"\" type=\"number\" name=\"telno\" \/><\/span>\n<\/p>\n<p>E-Mail <span class=\"wpcf7-form-control-wrap\" data-name=\"eposta\"><input size=\"40\" maxlength=\"400\" class=\"wpcf7-form-control wpcf7-email wpcf7-validates-as-required wpcf7-text wpcf7-validates-as-email\" aria-required=\"true\" aria-invalid=\"false\" placeholder=\"Votre E-Mail\" value=\"\" type=\"email\" name=\"eposta\" \/><\/span>\n<\/p>\n<p>\u00c9ducation <span class=\"wpcf7-form-control-wrap\" data-name=\"ogrenim\"><select class=\"wpcf7-form-control wpcf7-select wpcf7-validates-as-required\" aria-required=\"true\" aria-invalid=\"false\" name=\"ogrenim\"><option value=\"\u0130lk Okul\">\u00c9cole Primaire<\/option><option value=\"Orta Okul\">\u00c9cole interm\u00e9diaire<\/option><option value=\"Lise\">Lyc\u00e9e<\/option><option value=\"\u00d6nlisans\">Dipl\u00f4me d'associ\u00e9<\/option><option value=\"Lisans\">Licence<\/option><option value=\"Y\u00fcksek Lisans\">Postdipl\u00f4me<\/option><option value=\"Doktora\">Doctorat<\/option><\/select><\/span>\n<\/p>\n<p>\u00c9ducation <span class=\"wpcf7-form-control-wrap\" data-name=\"egitim\"><span class=\"wpcf7-form-control wpcf7-radio\"><span class=\"wpcf7-list-item first\"><input type=\"radio\" name=\"egitim\" value=\"Mezun\" checked=\"checked\" \/><span class=\"wpcf7-list-item-label\">Dipl\u00f4m\u00e9<\/span><\/span><span class=\"wpcf7-list-item last\"><input type=\"radio\" name=\"egitim\" value=\"Devam Ediyor\" \/><span class=\"wpcf7-list-item-label\">Continue<\/span><\/span><\/span><\/span>\n<\/p>\n<p>CV T\u00e9l\u00e9chargez <span class=\"wpcf7-form-control-wrap\" data-name=\"dosya\"><input size=\"40\" class=\"wpcf7-form-control wpcf7-file\" accept=\".pdf,.txt,.docx\" aria-invalid=\"false\" type=\"file\" name=\"dosya\" \/><\/span>\n<\/p>\n<p><input class=\"wpcf7-form-control wpcf7-submit has-spinner\" type=\"submit\" value=\"Appliquer\" \/>\n<\/p><div class=\"wpcf7-response-output\" aria-hidden=\"true\"><\/div>\n<input type=\"hidden\" name=\"trp-form-language\" value=\"fr\"\/><\/form>\n<\/div>\n<\/div><\/div>\t\t<\/div>\n\t\t\t\t<\/div>\n\t\t\t\t<div class=\"elementor-element elementor-element-578bccd elementor-widget elementor-widget-spacer\" data-id=\"578bccd\" data-element_type=\"widget\" data-widget_type=\"spacer.default\">\n\t\t\t\t<div class=\"elementor-widget-container\">\n\t\t\t\t\t<div class=\"elementor-spacer\">\n\t\t\t<div class=\"elementor-spacer-inner\"><\/div>\n\t\t<\/div>\n\t\t\t\t<\/div>\n\t\t\t\t<\/div>\n\t\t\t\t\t<\/div>\n\t\t<\/div>\n\t\t\t\t<div class=\"elementor-column elementor-col-50 elementor-top-column elementor-element elementor-element-9d16aa3\" data-id=\"9d16aa3\" data-element_type=\"column\" data-settings=\"{&quot;background_background&quot;:&quot;classic&quot;}\">\n\t\t\t<div class=\"elementor-widget-wrap\">\n\t\t\t\t\t\t\t<\/div>\n\t\t<\/div>\n\t\t\t\t\t<\/div>\n\t\t<\/section>\n\t\t\t\t<\/div>","protected":false},"excerpt":{"rendered":"<p>\u0130\u015f Ba\u015fvuru Formu Ad Soyad UyrukT\u00fcrkiyeDi\u011fer T.C Kimlik No CinsiyetErkekKad\u0131n Medeni HaliEvliBekar Do\u011fum Tarihi Do\u011fum Yeri Telefon E-Posta \u00d6\u011frenim Durumu \u0130lk OkulOrta OkulLise\u00d6nlisansLisansY\u00fcksek LisansDoktora E\u011fitim Durumu<span class=\"excerpt-hellip\"> [\u2026]<\/span><\/p>","protected":false},"author":1,"featured_media":0,"parent":0,"menu_order":0,"comment_status":"closed","ping_status":"closed","template":"","meta":{"_eb_attr":"","footnotes":""},"class_list":["post-1883","page","type-page","status-publish","hentry"],"_links":{"self":[{"href":"https:\/\/hbho.com.tr\/fr\/wp-json\/wp\/v2\/pages\/1883","targetHints":{"allow":["GET"]}}],"collection":[{"href":"https:\/\/hbho.com.tr\/fr\/wp-json\/wp\/v2\/pages"}],"about":[{"href":"https:\/\/hbho.com.tr\/fr\/wp-json\/wp\/v2\/types\/page"}],"author":[{"embeddable":true,"href":"https:\/\/hbho.com.tr\/fr\/wp-json\/wp\/v2\/users\/1"}],"replies":[{"embeddable":true,"href":"https:\/\/hbho.com.tr\/fr\/wp-json\/wp\/v2\/comments?post=1883"}],"version-history":[{"count":85,"href":"https:\/\/hbho.com.tr\/fr\/wp-json\/wp\/v2\/pages\/1883\/revisions"}],"predecessor-version":[{"id":2812,"href":"https:\/\/hbho.com.tr\/fr\/wp-json\/wp\/v2\/pages\/1883\/revisions\/2812"}],"wp:attachment":[{"href":"https:\/\/hbho.com.tr\/fr\/wp-json\/wp\/v2\/media?parent=1883"}],"curies":[{"name":"wp","href":"https:\/\/api.w.org\/{rel}","templated":true}]}}