{"id":2326,"date":"2023-02-27T15:34:53","date_gmt":"2023-02-27T12:34:53","guid":{"rendered":"https:\/\/hbho.com.tr\/site\/?page_id=2326"},"modified":"2023-07-06T11:59:54","modified_gmt":"2023-07-06T08:59:54","slug":"alsos-ahsap","status":"publish","type":"page","link":"https:\/\/hbho.com.tr\/fr\/alsos-ahsap\/","title":{"rendered":"Alsos Bois"},"content":{"rendered":"<div data-elementor-type=\"wp-page\" data-elementor-id=\"2326\" class=\"elementor elementor-2326\">\n\t\t\t\t\t\t<section class=\"elementor-section elementor-top-section elementor-element elementor-element-6590571 elementor-section-stretched elementor-section-full_width elementor-section-content-space-evenly elementor-section-height-default elementor-section-height-default elementor-invisible\" data-id=\"6590571\" data-element_type=\"section\" data-settings=\"{&quot;stretch_section&quot;:&quot;section-stretched&quot;,&quot;background_background&quot;:&quot;classic&quot;,&quot;animation&quot;:&quot;fadeIn&quot;}\">\n\t\t\t\t\t\t\t<div class=\"elementor-background-overlay\"><\/div>\n\t\t\t\t\t\t\t<div class=\"elementor-container elementor-column-gap-default\">\n\t\t\t\t\t<div class=\"elementor-column elementor-col-100 elementor-top-column elementor-element elementor-element-5ccfe3a\" data-id=\"5ccfe3a\" data-element_type=\"column\">\n\t\t\t<div class=\"elementor-widget-wrap elementor-element-populated\">\n\t\t\t\t\t\t<div class=\"elementor-element elementor-element-836c0d7 elementor-hidden-mobile elementor-widget elementor-widget-spacer\" data-id=\"836c0d7\" data-element_type=\"widget\" data-widget_type=\"spacer.default\">\n\t\t\t\t<div class=\"elementor-widget-container\">\n\t\t\t\t\t<div class=\"elementor-spacer\">\n\t\t\t<div class=\"elementor-spacer-inner\"><\/div>\n\t\t<\/div>\n\t\t\t\t<\/div>\n\t\t\t\t<\/div>\n\t\t\t\t<div class=\"elementor-element elementor-element-5559bbb elementor-widget elementor-widget-heading\" data-id=\"5559bbb\" data-element_type=\"widget\" data-widget_type=\"heading.default\">\n\t\t\t\t<div class=\"elementor-widget-container\">\n\t\t\t<h2 class=\"elementor-heading-title elementor-size-default\">Alsos Bois<\/h2>\t\t<\/div>\n\t\t\t\t<\/div>\n\t\t\t\t<div class=\"elementor-element elementor-element-7acd38f elementor-widget elementor-widget-heading\" data-id=\"7acd38f\" data-element_type=\"widget\" data-widget_type=\"heading.default\">\n\t\t\t\t<div class=\"elementor-widget-container\">\n\t\t\t<h2 class=\"elementor-heading-title elementor-size-xl\">Nous transformons les id\u00e9es en art<\/h2>\t\t<\/div>\n\t\t\t\t<\/div>\n\t\t\t\t<div class=\"elementor-element elementor-element-5311268 elementor-hidden-mobile elementor-widget elementor-widget-spacer\" data-id=\"5311268\" data-element_type=\"widget\" data-widget_type=\"spacer.default\">\n\t\t\t\t<div class=\"elementor-widget-container\">\n\t\t\t\t\t<div class=\"elementor-spacer\">\n\t\t\t<div class=\"elementor-spacer-inner\"><\/div>\n\t\t<\/div>\n\t\t\t\t<\/div>\n\t\t\t\t<\/div>\n\t\t\t\t\t<\/div>\n\t\t<\/div>\n\t\t\t\t\t<\/div>\n\t\t<\/section>\n\t\t\t\t<section class=\"elementor-section elementor-top-section elementor-element elementor-element-27c862a elementor-section-stretched elementor-section-boxed elementor-section-height-default elementor-section-height-default\" data-id=\"27c862a\" data-element_type=\"section\" data-settings=\"{&quot;stretch_section&quot;:&quot;section-stretched&quot;,&quot;background_background&quot;:&quot;classic&quot;}\">\n\t\t\t\t\t\t<div class=\"elementor-container elementor-column-gap-wider\">\n\t\t\t\t\t<div class=\"elementor-column elementor-col-100 elementor-top-column elementor-element elementor-element-9c28342\" data-id=\"9c28342\" data-element_type=\"column\">\n\t\t\t<div class=\"elementor-widget-wrap elementor-element-populated\">\n\t\t\t\t\t\t<div class=\"elementor-element elementor-element-c80ad73 elementor-widget elementor-widget-spacer\" data-id=\"c80ad73\" data-element_type=\"widget\" data-widget_type=\"spacer.default\">\n\t\t\t\t<div class=\"elementor-widget-container\">\n\t\t\t\t\t<div class=\"elementor-spacer\">\n\t\t\t<div class=\"elementor-spacer-inner\"><\/div>\n\t\t<\/div>\n\t\t\t\t<\/div>\n\t\t\t\t<\/div>\n\t\t\t\t<section class=\"elementor-section elementor-inner-section elementor-element elementor-element-8e4e026 elementor-reverse-mobile elementor-section-content-middle elementor-section-boxed elementor-section-height-default elementor-section-height-default\" data-id=\"8e4e026\" data-element_type=\"section\">\n\t\t\t\t\t\t<div class=\"elementor-container elementor-column-gap-default\">\n\t\t\t\t\t<div class=\"elementor-column elementor-col-50 elementor-inner-column elementor-element elementor-element-87e6552\" data-id=\"87e6552\" data-element_type=\"column\">\n\t\t\t<div class=\"elementor-widget-wrap elementor-element-populated\">\n\t\t\t\t\t\t<div class=\"elementor-element elementor-element-ab2ad03 elementor-widget elementor-widget-image\" data-id=\"ab2ad03\" data-element_type=\"widget\" data-widget_type=\"image.default\">\n\t\t\t\t<div class=\"elementor-widget-container\">\n\t\t\t\t\t\t\t\t\t\t\t\t\t<img fetchpriority=\"high\" decoding=\"async\" width=\"500\" height=\"500\" src=\"https:\/\/hbho.com.tr\/wp-content\/uploads\/2023\/02\/mobilya-dogal-ve-surdurulebilir-hammadde.png\" class=\"attachment-large size-large wp-image-2446\" alt=\"\" srcset=\"https:\/\/hbho.com.tr\/wp-content\/uploads\/2023\/02\/mobilya-dogal-ve-surdurulebilir-hammadde.png 500w, https:\/\/hbho.com.tr\/wp-content\/uploads\/2023\/02\/mobilya-dogal-ve-surdurulebilir-hammadde-300x300.png 300w, https:\/\/hbho.com.tr\/wp-content\/uploads\/2023\/02\/mobilya-dogal-ve-surdurulebilir-hammadde-150x150.png 150w, https:\/\/hbho.com.tr\/wp-content\/uploads\/2023\/02\/mobilya-dogal-ve-surdurulebilir-hammadde-146x146.png 146w, https:\/\/hbho.com.tr\/wp-content\/uploads\/2023\/02\/mobilya-dogal-ve-surdurulebilir-hammadde-50x50.png 50w, https:\/\/hbho.com.tr\/wp-content\/uploads\/2023\/02\/mobilya-dogal-ve-surdurulebilir-hammadde-75x75.png 75w, https:\/\/hbho.com.tr\/wp-content\/uploads\/2023\/02\/mobilya-dogal-ve-surdurulebilir-hammadde-85x85.png 85w, https:\/\/hbho.com.tr\/wp-content\/uploads\/2023\/02\/mobilya-dogal-ve-surdurulebilir-hammadde-80x80.png 80w\" sizes=\"(max-width:767px) 480px, 500px\" \/>\t\t\t\t\t\t\t\t\t\t\t\t\t<\/div>\n\t\t\t\t<\/div>\n\t\t\t\t\t<\/div>\n\t\t<\/div>\n\t\t\t\t<div class=\"elementor-column elementor-col-50 elementor-inner-column elementor-element elementor-element-8a6c202\" data-id=\"8a6c202\" data-element_type=\"column\">\n\t\t\t<div class=\"elementor-widget-wrap elementor-element-populated\">\n\t\t\t\t\t\t<div class=\"elementor-element elementor-element-d26aeb8 elementor-widget elementor-widget-heading\" data-id=\"d26aeb8\" data-element_type=\"widget\" data-widget_type=\"heading.default\">\n\t\t\t\t<div class=\"elementor-widget-container\">\n\t\t\t<h2 class=\"elementor-heading-title elementor-size-default\">Mati\u00e8res Premi\u00e8res Durables et Naturelles<\/h2>\t\t<\/div>\n\t\t\t\t<\/div>\n\t\t\t\t<div class=\"elementor-element elementor-element-a0ff15c elementor-widget elementor-widget-text-editor\" data-id=\"a0ff15c\" data-element_type=\"widget\" data-widget_type=\"text-editor.default\">\n\t\t\t\t<div class=\"elementor-widget-container\">\n\t\t\t\t\t\t\t<p><span style=\"color: #25454a;\">Nous, Alsos, donnons l\u2019importance \u00e0 l\u2019utilisation de mat\u00e9riaux naturels dans la production de meubles. C\u2019est pourquoi que nous utilisons des mat\u00e9riaux naturels et de haute qualit\u00e9 tels que le bois, le cuir, et le m\u00e9tal afin d\u2019obtenir naturalisme. En effet, le bois offre \u00e0 la fois un aspect esth\u00e9tique et ajoute de la durabilit\u00e9 \u00e0 nos produits. De plus, nous adoptons un processus de production durable en accordant de l\u2019importance \u00e0 la source de ces mat\u00e9riaux. Nous auditons nous fournisseurs tant en termes de qualit\u00e9 que de durabilit\u00e9 et mettons constamment \u00e0 jour, si n\u00e9cessaire. Ainsi, nous nous assurons que la qualit\u00e9 de nos produits reste toujours au m\u00eame niveau.<\/span><\/p>\t\t\t\t\t\t<\/div>\n\t\t\t\t<\/div>\n\t\t\t\t\t<\/div>\n\t\t<\/div>\n\t\t\t\t\t<\/div>\n\t\t<\/section>\n\t\t\t\t<div class=\"elementor-element elementor-element-996922a elementor-widget elementor-widget-spacer\" data-id=\"996922a\" data-element_type=\"widget\" data-widget_type=\"spacer.default\">\n\t\t\t\t<div class=\"elementor-widget-container\">\n\t\t\t\t\t<div class=\"elementor-spacer\">\n\t\t\t<div class=\"elementor-spacer-inner\"><\/div>\n\t\t<\/div>\n\t\t\t\t<\/div>\n\t\t\t\t<\/div>\n\t\t\t\t<section class=\"elementor-section elementor-inner-section elementor-element elementor-element-9dc69a8 elementor-reverse-mobile elementor-section-content-middle elementor-section-boxed elementor-section-height-default elementor-section-height-default\" data-id=\"9dc69a8\" data-element_type=\"section\">\n\t\t\t\t\t\t<div class=\"elementor-container elementor-column-gap-default\">\n\t\t\t\t\t<div class=\"elementor-column elementor-col-50 elementor-inner-column elementor-element elementor-element-9f662d2\" data-id=\"9f662d2\" data-element_type=\"column\">\n\t\t\t<div class=\"elementor-widget-wrap elementor-element-populated\">\n\t\t\t\t\t\t<div class=\"elementor-element elementor-element-496a32b elementor-widget elementor-widget-heading\" data-id=\"496a32b\" data-element_type=\"widget\" data-widget_type=\"heading.default\">\n\t\t\t\t<div class=\"elementor-widget-container\">\n\t\t\t<h2 class=\"elementor-heading-title elementor-size-default\">Processus de Fabrication Unique<\/h2>\t\t<\/div>\n\t\t\t\t<\/div>\n\t\t\t\t<div class=\"elementor-element elementor-element-d907b01 elementor-widget elementor-widget-text-editor\" data-id=\"d907b01\" data-element_type=\"widget\" data-widget_type=\"text-editor.default\">\n\t\t\t\t<div class=\"elementor-widget-container\">\n\t\t\t\t\t\t\t<p><span style=\"color: #25454a;\">La production artisanale est tr\u00e8s importante pour notre entreprise. Lorsque la main-d\u2019\u0153uvre est impliqu\u00e9e, les produits qui en r\u00e9sultent ont esprit unique. C\u2019est pourquoi que nous traitons chaque pi\u00e8ce soigneusement et faisons attention aux moindres d\u00e9tails. Ainsi, nous produisons des meubles uniques au go\u00fbt de chacun des nos clients en tenant compte leur besoins et attentes. Gr\u00e2ce \u00e0 nos produits uniques, chacun de nos clients peut trouver des meubles adapt\u00e9s \u00e0 son caract\u00e8re et \u00e0 ses demandes.<\/span><\/p>\t\t\t\t\t\t<\/div>\n\t\t\t\t<\/div>\n\t\t\t\t\t<\/div>\n\t\t<\/div>\n\t\t\t\t<div class=\"elementor-column elementor-col-50 elementor-inner-column elementor-element elementor-element-87085e6\" data-id=\"87085e6\" data-element_type=\"column\">\n\t\t\t<div class=\"elementor-widget-wrap elementor-element-populated\">\n\t\t\t\t\t\t<div class=\"elementor-element elementor-element-8eed552 elementor-hidden-mobile elementor-widget elementor-widget-image\" data-id=\"8eed552\" data-element_type=\"widget\" data-widget_type=\"image.default\">\n\t\t\t\t<div class=\"elementor-widget-container\">\n\t\t\t\t\t\t\t\t\t\t\t\t\t<img decoding=\"async\" width=\"500\" height=\"500\" src=\"https:\/\/hbho.com.tr\/wp-content\/uploads\/2023\/02\/mobilya-benzersiz-uretim-surecleri.png\" class=\"attachment-large size-large wp-image-2453\" alt=\"\" srcset=\"https:\/\/hbho.com.tr\/wp-content\/uploads\/2023\/02\/mobilya-benzersiz-uretim-surecleri.png 500w, https:\/\/hbho.com.tr\/wp-content\/uploads\/2023\/02\/mobilya-benzersiz-uretim-surecleri-300x300.png 300w, https:\/\/hbho.com.tr\/wp-content\/uploads\/2023\/02\/mobilya-benzersiz-uretim-surecleri-150x150.png 150w, https:\/\/hbho.com.tr\/wp-content\/uploads\/2023\/02\/mobilya-benzersiz-uretim-surecleri-146x146.png 146w, https:\/\/hbho.com.tr\/wp-content\/uploads\/2023\/02\/mobilya-benzersiz-uretim-surecleri-50x50.png 50w, https:\/\/hbho.com.tr\/wp-content\/uploads\/2023\/02\/mobilya-benzersiz-uretim-surecleri-75x75.png 75w, https:\/\/hbho.com.tr\/wp-content\/uploads\/2023\/02\/mobilya-benzersiz-uretim-surecleri-85x85.png 85w, https:\/\/hbho.com.tr\/wp-content\/uploads\/2023\/02\/mobilya-benzersiz-uretim-surecleri-80x80.png 80w\" sizes=\"(max-width:767px) 480px, 500px\" \/>\t\t\t\t\t\t\t\t\t\t\t\t\t<\/div>\n\t\t\t\t<\/div>\n\t\t\t\t\t<\/div>\n\t\t<\/div>\n\t\t\t\t\t<\/div>\n\t\t<\/section>\n\t\t\t\t<div class=\"elementor-element elementor-element-1447534 elementor-widget elementor-widget-spacer\" data-id=\"1447534\" data-element_type=\"widget\" data-widget_type=\"spacer.default\">\n\t\t\t\t<div class=\"elementor-widget-container\">\n\t\t\t\t\t<div class=\"elementor-spacer\">\n\t\t\t<div class=\"elementor-spacer-inner\"><\/div>\n\t\t<\/div>\n\t\t\t\t<\/div>\n\t\t\t\t<\/div>\n\t\t\t\t<section class=\"elementor-section elementor-inner-section elementor-element elementor-element-82ce415 elementor-reverse-mobile elementor-section-content-middle elementor-section-boxed elementor-section-height-default elementor-section-height-default\" data-id=\"82ce415\" data-element_type=\"section\">\n\t\t\t\t\t\t<div class=\"elementor-container elementor-column-gap-default\">\n\t\t\t\t\t<div class=\"elementor-column elementor-col-50 elementor-inner-column elementor-element elementor-element-e6c1bd7\" data-id=\"e6c1bd7\" data-element_type=\"column\">\n\t\t\t<div class=\"elementor-widget-wrap elementor-element-populated\">\n\t\t\t\t\t\t<div class=\"elementor-element elementor-element-9f2e99f elementor-widget elementor-widget-image\" data-id=\"9f2e99f\" data-element_type=\"widget\" data-widget_type=\"image.default\">\n\t\t\t\t<div class=\"elementor-widget-container\">\n\t\t\t\t\t\t\t\t\t\t\t\t\t<img decoding=\"async\" width=\"500\" height=\"500\" src=\"https:\/\/hbho.com.tr\/wp-content\/uploads\/2023\/02\/mobilya-saglam-ve-estetik-mobilya.png\" class=\"attachment-large size-large wp-image-2466\" alt=\"\" srcset=\"https:\/\/hbho.com.tr\/wp-content\/uploads\/2023\/02\/mobilya-saglam-ve-estetik-mobilya.png 500w, https:\/\/hbho.com.tr\/wp-content\/uploads\/2023\/02\/mobilya-saglam-ve-estetik-mobilya-300x300.png 300w, https:\/\/hbho.com.tr\/wp-content\/uploads\/2023\/02\/mobilya-saglam-ve-estetik-mobilya-150x150.png 150w, https:\/\/hbho.com.tr\/wp-content\/uploads\/2023\/02\/mobilya-saglam-ve-estetik-mobilya-146x146.png 146w, https:\/\/hbho.com.tr\/wp-content\/uploads\/2023\/02\/mobilya-saglam-ve-estetik-mobilya-50x50.png 50w, https:\/\/hbho.com.tr\/wp-content\/uploads\/2023\/02\/mobilya-saglam-ve-estetik-mobilya-75x75.png 75w, https:\/\/hbho.com.tr\/wp-content\/uploads\/2023\/02\/mobilya-saglam-ve-estetik-mobilya-85x85.png 85w, https:\/\/hbho.com.tr\/wp-content\/uploads\/2023\/02\/mobilya-saglam-ve-estetik-mobilya-80x80.png 80w\" sizes=\"(max-width:767px) 480px, 500px\" \/>\t\t\t\t\t\t\t\t\t\t\t\t\t<\/div>\n\t\t\t\t<\/div>\n\t\t\t\t\t<\/div>\n\t\t<\/div>\n\t\t\t\t<div class=\"elementor-column elementor-col-50 elementor-inner-column elementor-element elementor-element-48ea074\" data-id=\"48ea074\" data-element_type=\"column\">\n\t\t\t<div class=\"elementor-widget-wrap elementor-element-populated\">\n\t\t\t\t\t\t<div class=\"elementor-element elementor-element-2fa6994 elementor-widget elementor-widget-heading\" data-id=\"2fa6994\" data-element_type=\"widget\" data-widget_type=\"heading.default\">\n\t\t\t\t<div class=\"elementor-widget-container\">\n\t\t\t<h2 class=\"elementor-heading-title elementor-size-default\">Meubles Robustes et Esth\u00e9tiques<\/h2>\t\t<\/div>\n\t\t\t\t<\/div>\n\t\t\t\t<div class=\"elementor-element elementor-element-e9cdb51 elementor-widget elementor-widget-text-editor\" data-id=\"e9cdb51\" data-element_type=\"widget\" data-widget_type=\"text-editor.default\">\n\t\t\t\t<div class=\"elementor-widget-container\">\n\t\t\t\t\t\t\t<p><span style=\"color: #25454a;\">Notre entreprise, Alsos, donne de l\u2019importance aux secondes \u0153uvres, aux mat\u00e9riaux de qualit\u00e9, et aux conceptions originales dans la production de meubles. C\u2019est pourquoi que nous essayons de produits le plus parfait avec notre \u00e9quipe exp\u00e9riment\u00e9e d\u2019architectes d\u2019int\u00e9rieur et de concepteurs de produits industriels. Nos meubles, que nous concevons sp\u00e9cialement pour chacun de nos clients, sont produits de mani\u00e8re \u00e0 pouvoir \u00eatre utilis\u00e9s tout au long de la vie tout en pr\u00e9servant les propri\u00e9t\u00e9s esth\u00e9tiques et naturelles du bois. Nos meubles innovants et originaux seront de pr\u00e9cieuses antiquit\u00e9s du futur. Ainsi, nous vous permettons de transmettre votre go\u00fbt mobili\u00e8re aux g\u00e9n\u00e9rations futures.<\/span><\/p>\t\t\t\t\t\t<\/div>\n\t\t\t\t<\/div>\n\t\t\t\t\t<\/div>\n\t\t<\/div>\n\t\t\t\t\t<\/div>\n\t\t<\/section>\n\t\t\t\t<div class=\"elementor-element elementor-element-578bccd elementor-widget elementor-widget-spacer\" data-id=\"578bccd\" data-element_type=\"widget\" data-widget_type=\"spacer.default\">\n\t\t\t\t<div class=\"elementor-widget-container\">\n\t\t\t\t\t<div class=\"elementor-spacer\">\n\t\t\t<div class=\"elementor-spacer-inner\"><\/div>\n\t\t<\/div>\n\t\t\t\t<\/div>\n\t\t\t\t<\/div>\n\t\t\t\t<section class=\"elementor-section elementor-inner-section elementor-element elementor-element-ef3656f elementor-reverse-mobile elementor-section-content-middle elementor-section-boxed elementor-section-height-default elementor-section-height-default\" data-id=\"ef3656f\" data-element_type=\"section\">\n\t\t\t\t\t\t<div class=\"elementor-container elementor-column-gap-default\">\n\t\t\t\t\t<div class=\"elementor-column elementor-col-50 elementor-inner-column elementor-element elementor-element-ad52e6a\" data-id=\"ad52e6a\" data-element_type=\"column\">\n\t\t\t<div class=\"elementor-widget-wrap elementor-element-populated\">\n\t\t\t\t\t\t<div class=\"elementor-element elementor-element-b85bfe4 elementor-widget elementor-widget-heading\" data-id=\"b85bfe4\" data-element_type=\"widget\" data-widget_type=\"heading.default\">\n\t\t\t\t<div class=\"elementor-widget-container\">\n\t\t\t<h2 class=\"elementor-heading-title elementor-size-default\">Satisfaction de la Client\u00e8le<\/h2>\t\t<\/div>\n\t\t\t\t<\/div>\n\t\t\t\t<div class=\"elementor-element elementor-element-c88a27b elementor-widget elementor-widget-text-editor\" data-id=\"c88a27b\" data-element_type=\"widget\" data-widget_type=\"text-editor.default\">\n\t\t\t\t<div class=\"elementor-widget-container\">\n\t\t\t\t\t\t\t<p><span style=\"color: #25454a;\">La qualit\u00e9 du service que nous offrons \u00e0 nos clients est pour nous d\u2019une grande importance. Nous collaborons avec toute notre \u00e9quipe afin de r\u00e9pondre rapidement aux demandes de nos clients. Nous essayons toujours de fournir la meilleure qualit\u00e9 de service en contr\u00f4lant soigneusement nos produits. Nous travaillons \u00e0 faire vivre l\u2019art du bois et nous sommes fiers d\u2019aller de l\u2019avant pour cela. Nous int\u00e9grons les produits solides de l\u2019ancien \u00e0 la compr\u00e9hension moderne du nouvel \u00e2ge en revigorant l\u2019art de la menuiserie qui est tomb\u00e9 dans les oubliettes sous l\u2019influence de la m\u00e9canisation.<\/span><\/p><p><span style=\"color: #24454e;\">\u00a0<\/span><\/p><p><span style=\"color: #24454a;\">Visitez notre site Web pour plus d\u2019informations.<\/span><\/p>\t\t\t\t\t\t<\/div>\n\t\t\t\t<\/div>\n\t\t\t\t<div class=\"elementor-element elementor-element-fd529b6 elementor-tablet-align-center elementor-align-left elementor-mobile-align-center elementor-widget elementor-widget-button\" data-id=\"fd529b6\" data-element_type=\"widget\" data-widget_type=\"button.default\">\n\t\t\t\t<div class=\"elementor-widget-container\">\n\t\t\t\t\t\t\t<div class=\"elementor-button-wrapper\">\n\t\t\t\t\t<a class=\"elementor-button elementor-button-link elementor-size-sm\" href=\"https:\/\/alsosahsap.com\">\n\t\t\t\t\t\t<span class=\"elementor-button-content-wrapper\">\n\t\t\t\t\t\t\t\t\t<span class=\"elementor-button-text\">Alsos Bois<\/span>\n\t\t\t\t\t<\/span>\n\t\t\t\t\t<\/a>\n\t\t\t\t<\/div>\n\t\t\t\t\t\t<\/div>\n\t\t\t\t<\/div>\n\t\t\t\t\t<\/div>\n\t\t<\/div>\n\t\t\t\t<div class=\"elementor-column elementor-col-50 elementor-inner-column elementor-element elementor-element-c8dcd47\" data-id=\"c8dcd47\" data-element_type=\"column\">\n\t\t\t<div class=\"elementor-widget-wrap elementor-element-populated\">\n\t\t\t\t\t\t<div class=\"elementor-element elementor-element-3286842 elementor-hidden-mobile elementor-widget elementor-widget-image\" data-id=\"3286842\" data-element_type=\"widget\" data-widget_type=\"image.default\">\n\t\t\t\t<div class=\"elementor-widget-container\">\n\t\t\t\t\t\t\t\t\t\t\t\t\t<img loading=\"lazy\" decoding=\"async\" width=\"500\" height=\"500\" src=\"https:\/\/hbho.com.tr\/wp-content\/uploads\/2023\/02\/mobilya-musteri-memnuniyeti.png\" class=\"attachment-full size-full wp-image-2470\" alt=\"\" srcset=\"https:\/\/hbho.com.tr\/wp-content\/uploads\/2023\/02\/mobilya-musteri-memnuniyeti.png 500w, https:\/\/hbho.com.tr\/wp-content\/uploads\/2023\/02\/mobilya-musteri-memnuniyeti-300x300.png 300w, https:\/\/hbho.com.tr\/wp-content\/uploads\/2023\/02\/mobilya-musteri-memnuniyeti-150x150.png 150w, https:\/\/hbho.com.tr\/wp-content\/uploads\/2023\/02\/mobilya-musteri-memnuniyeti-146x146.png 146w, https:\/\/hbho.com.tr\/wp-content\/uploads\/2023\/02\/mobilya-musteri-memnuniyeti-50x50.png 50w, https:\/\/hbho.com.tr\/wp-content\/uploads\/2023\/02\/mobilya-musteri-memnuniyeti-75x75.png 75w, https:\/\/hbho.com.tr\/wp-content\/uploads\/2023\/02\/mobilya-musteri-memnuniyeti-85x85.png 85w, https:\/\/hbho.com.tr\/wp-content\/uploads\/2023\/02\/mobilya-musteri-memnuniyeti-80x80.png 80w\" sizes=\"(max-width:767px) 480px, 500px\" \/>\t\t\t\t\t\t\t\t\t\t\t\t\t<\/div>\n\t\t\t\t<\/div>\n\t\t\t\t\t<\/div>\n\t\t<\/div>\n\t\t\t\t\t<\/div>\n\t\t<\/section>\n\t\t\t\t<div class=\"elementor-element elementor-element-8f12f0b elementor-widget elementor-widget-spacer\" data-id=\"8f12f0b\" data-element_type=\"widget\" data-widget_type=\"spacer.default\">\n\t\t\t\t<div class=\"elementor-widget-container\">\n\t\t\t\t\t<div class=\"elementor-spacer\">\n\t\t\t<div class=\"elementor-spacer-inner\"><\/div>\n\t\t<\/div>\n\t\t\t\t<\/div>\n\t\t\t\t<\/div>\n\t\t\t\t\t<\/div>\n\t\t<\/div>\n\t\t\t\t\t<\/div>\n\t\t<\/section>\n\t\t\t\t<\/div>","protected":false},"excerpt":{"rendered":"<p>Alsos Ah\u015fap Fikirleri Sanata D\u00f6n\u00fc\u015ft\u00fcr\u00fcyoruz Do\u011fal Ve S\u00fcrd\u00fcr\u00fclebilir Hammadde Alsos olarak, mobilya \u00fcretiminde do\u011fal malzemelerin kullan\u0131m\u0131n\u0131 \u00f6nemsiyoruz. Ah\u015fap, deri, metal gibi do\u011fal ve kaliteli malzemelerle \u00e7al\u0131\u015farak<span class=\"excerpt-hellip\"> [\u2026]<\/span><\/p>","protected":false},"author":1,"featured_media":0,"parent":0,"menu_order":0,"comment_status":"closed","ping_status":"closed","template":"","meta":{"_eb_attr":"","footnotes":""},"class_list":["post-2326","page","type-page","status-publish","hentry"],"_links":{"self":[{"href":"https:\/\/hbho.com.tr\/fr\/wp-json\/wp\/v2\/pages\/2326","targetHints":{"allow":["GET"]}}],"collection":[{"href":"https:\/\/hbho.com.tr\/fr\/wp-json\/wp\/v2\/pages"}],"about":[{"href":"https:\/\/hbho.com.tr\/fr\/wp-json\/wp\/v2\/types\/page"}],"author":[{"embeddable":true,"href":"https:\/\/hbho.com.tr\/fr\/wp-json\/wp\/v2\/users\/1"}],"replies":[{"embeddable":true,"href":"https:\/\/hbho.com.tr\/fr\/wp-json\/wp\/v2\/comments?post=2326"}],"version-history":[{"count":50,"href":"https:\/\/hbho.com.tr\/fr\/wp-json\/wp\/v2\/pages\/2326\/revisions"}],"predecessor-version":[{"id":2894,"href":"https:\/\/hbho.com.tr\/fr\/wp-json\/wp\/v2\/pages\/2326\/revisions\/2894"}],"wp:attachment":[{"href":"https:\/\/hbho.com.tr\/fr\/wp-json\/wp\/v2\/media?parent=2326"}],"curies":[{"name":"wp","href":"https:\/\/api.w.org\/{rel}","templated":true}]}}